{"id":17,"date":"2016-10-24T16:50:19","date_gmt":"2016-10-24T16:50:19","guid":{"rendered":"http:\/\/cspcervaes.pt\/?page_id=17"},"modified":"2023-03-09T15:27:21","modified_gmt":"2023-03-09T15:27:21","slug":"servico-de-apoio-domiciliario","status":"publish","type":"page","link":"https:\/\/cspcervaes.pt\/?page_id=17","title":{"rendered":"Servi\u00e7o de Apoio Domicili\u00e1rio"},"content":{"rendered":"<div id=\"pl-17\"  class=\"panel-layout\" ><div id=\"pg-17-0\"  class=\"panel-grid panel-no-style\" ><div id=\"pgc-17-0-0\"  class=\"panel-grid-cell\" ><div id=\"panel-17-0-0-0\" class=\"so-panel widget widget_sow-image panel-first-child panel-last-child\" data-index=\"0\" ><div\n\t\t\t\n\t\t\tclass=\"so-widget-sow-image so-widget-sow-image-default-8b5b6f678277-17\"\n\t\t\t\n\t\t>\n<div class=\"sow-image-container\">\n\t\t<img \n\tsrc=\"https:\/\/cspcervaes.pt\/wp-content\/uploads\/2016\/10\/SAD.jpg\" width=\"300\" height=\"1500\" srcset=\"https:\/\/cspcervaes.pt\/wp-content\/uploads\/2016\/10\/SAD.jpg 300w, https:\/\/cspcervaes.pt\/wp-content\/uploads\/2016\/10\/SAD-60x300.jpg 60w, https:\/\/cspcervaes.pt\/wp-content\/uploads\/2016\/10\/SAD-205x1024.jpg 205w\" sizes=\"(max-width: 300px) 100vw, 300px\" alt=\"\" \t\tclass=\"so-widget-image\"\/>\n\t<\/div>\n\n<\/div><\/div><\/div><div id=\"pgc-17-0-1\"  class=\"panel-grid-cell\" ><div id=\"panel-17-0-1-0\" class=\"so-panel widget widget_sow-editor panel-first-child panel-last-child\" data-index=\"1\" ><div\n\t\t\t\n\t\t\tclass=\"so-widget-sow-editor so-widget-sow-editor-base\"\n\t\t\t\n\t\t>\n<div class=\"siteorigin-widget-tinymce textwidget\">\n\t<div style=\"text-align: justify;\">O <strong>Servi\u00e7o de Apoio Domicili\u00e1rio<\/strong> (S.A.D.) \u00e9 uma resposta social que consiste na presta\u00e7\u00e3o de cuidados individualizados e personalizados no domic\u00edlio, a indiv\u00edduos e fam\u00edlias quando, por motivo de doen\u00e7a, defici\u00eancia ou outro impedimento, n\u00e3o possam assegurar tempor\u00e1ria ou permanentemente, a satisfa\u00e7\u00e3o das suas necessidades b\u00e1sicas e\/ou as atividades da vida di\u00e1ria.<br \/>\nO Servi\u00e7o de Apoio ao Domicilio desenvolve um conjunto de atividades fundamentais ao bom desenvolvimento da sua tarefa propriamente dita \u2013 o apoio ao idoso no seu domic\u00edlio; mas tamb\u00e9m procura promover a sua autonomia, autoestima, intera\u00e7\u00e3o com o outro e para tal desenvolve algumas atividades de lazer.<\/div>\n<p><span style=\"color: #ffcc00;\"><strong>Servi\u00e7os prestados:<\/strong><\/span><\/p>\n<p><em>- Cuidados de higiene e conforto pessoal<\/em><br \/>\n<em> - Cuidados nutricionais<\/em><br \/>\n<em> - Apoio Psicossocial<\/em><br \/>\n<em> - Apoio na toma de medica\u00e7\u00e3o<\/em><br \/>\n<em> - Apoio na gest\u00e3o dom\u00e9stica e da vida (realiza\u00e7\u00e3o de repara\u00e7\u00f5es nos dom\u00edcilios, compras, etc).<\/em><br \/>\n<em> - Atividades de lazer e passeios<\/em><br \/>\n<em> - Acompanhamento a servi\u00e7os no exterior<\/em><br \/>\n<em> - Cust\u00f3dia de chaves<\/em><\/p>\n<p>&nbsp;<\/p>\n<p><a href=\"https:\/\/cspcervaes.pt\/wp-content\/uploads\/2023\/03\/RI-SAD-2022.pdf\">RI SAD 2022<\/a><\/p>\n<p><a href=\"https:\/\/cspcervaes.pt\/wp-content\/uploads\/2023\/03\/Plano-de-Atividades-2023.pdf\">Plano de Atividades 2023<\/a><\/p>\n<\/div>\n<\/div><\/div><\/div><\/div><\/div>","protected":false},"excerpt":{"rendered":"<p>O Servi\u00e7o de Apoio Domicili\u00e1rio (S.A.D.) \u00e9 uma resposta social que consiste na presta\u00e7\u00e3o de cuidados individualizados e personalizados no domic\u00edlio, a indiv\u00edduos e fam\u00edlias quando, por motivo de doen\u00e7a, defici\u00eancia ou outro impedimento, n\u00e3o possam assegurar tempor\u00e1ria ou permanentemente, a satisfa\u00e7\u00e3o das suas necessidades b\u00e1sicas e\/ou as atividades da vida di\u00e1ria. O Servi\u00e7o de [&hellip;]<\/p>\n","protected":false},"author":1,"featured_media":0,"parent":0,"menu_order":0,"comment_status":"closed","ping_status":"closed","template":"template-fullwidth.php","meta":{"footnotes":""},"_links":{"self":[{"href":"https:\/\/cspcervaes.pt\/index.php?rest_route=\/wp\/v2\/pages\/17"}],"collection":[{"href":"https:\/\/cspcervaes.pt\/index.php?rest_route=\/wp\/v2\/pages"}],"about":[{"href":"https:\/\/cspcervaes.pt\/index.php?rest_route=\/wp\/v2\/types\/page"}],"author":[{"embeddable":true,"href":"https:\/\/cspcervaes.pt\/index.php?rest_route=\/wp\/v2\/users\/1"}],"replies":[{"embeddable":true,"href":"https:\/\/cspcervaes.pt\/index.php?rest_route=%2Fwp%2Fv2%2Fcomments&post=17"}],"version-history":[{"count":24,"href":"https:\/\/cspcervaes.pt\/index.php?rest_route=\/wp\/v2\/pages\/17\/revisions"}],"predecessor-version":[{"id":306,"href":"https:\/\/cspcervaes.pt\/index.php?rest_route=\/wp\/v2\/pages\/17\/revisions\/306"}],"wp:attachment":[{"href":"https:\/\/cspcervaes.pt\/index.php?rest_route=%2Fwp%2Fv2%2Fmedia&parent=17"}],"curies":[{"name":"wp","href":"https:\/\/api.w.org\/{rel}","templated":true}]}}