{"id":269,"date":"2022-07-20T10:20:57","date_gmt":"2022-07-20T10:20:57","guid":{"rendered":"https:\/\/cspcervaes.pt\/?page_id=269"},"modified":"2022-07-22T17:12:17","modified_gmt":"2022-07-22T17:12:17","slug":"relatorios-de-contas-2020","status":"publish","type":"page","link":"https:\/\/cspcervaes.pt\/?page_id=269","title":{"rendered":"Relat\u00f3rios de Contas 2020"},"content":{"rendered":"\n<p>Abaixo encontra os ficheiros PDF do relat\u00f3rio de contas do ano de 2020 desta institui\u00e7\u00e3o.<\/p>\n\n\n\n<p>Ao clicar nos links o ficheiro \u00e9 automaticamente descarregado, caso pretenda entrar em contacto com o centro use o nosso e-mail: <strong><em>direcao@cspcervaes.pt<\/em><\/strong><\/p>\n\n\n\n<div data-wp-interactive=\"\" class=\"wp-block-file\"><object data-wp-bind--hidden=\"!selectors.core.file.hasPdfPreview\" hidden class=\"wp-block-file__embed\" data=\"https:\/\/cspcervaes.pt\/wp-content\/uploads\/2022\/07\/CONTAS-2020.pdf\" type=\"application\/pdf\" style=\"width:100%;height:600px\" aria-label=\"Incorpora\u00e7\u00e3o de Incorpora\u00e7\u00e3o de CONTAS-2020..\"><\/object><a id=\"wp-block-file--media-bf00dd48-1f1c-4d9c-8649-eebde2bf2240\" href=\"https:\/\/cspcervaes.pt\/wp-content\/uploads\/2022\/07\/CONTAS-2020.pdf\">CONTAS-2020<\/a><a href=\"https:\/\/cspcervaes.pt\/wp-content\/uploads\/2022\/07\/CONTAS-2020.pdf\" class=\"wp-block-file__button\" download aria-describedby=\"wp-block-file--media-bf00dd48-1f1c-4d9c-8649-eebde2bf2240\">Descarregar<\/a><\/div>\n","protected":false},"excerpt":{"rendered":"<p>Abaixo encontra os ficheiros PDF do relat\u00f3rio de contas do ano de 2020 desta institui\u00e7\u00e3o. Ao clicar nos links o ficheiro \u00e9 automaticamente descarregado, caso pretenda entrar em contacto com o centro use o nosso e-mail: direcao@cspcervaes.pt<\/p>\n","protected":false},"author":1,"featured_media":0,"parent":84,"menu_order":0,"comment_status":"closed","ping_status":"closed","template":"","meta":{"footnotes":""},"_links":{"self":[{"href":"https:\/\/cspcervaes.pt\/index.php?rest_route=\/wp\/v2\/pages\/269"}],"collection":[{"href":"https:\/\/cspcervaes.pt\/index.php?rest_route=\/wp\/v2\/pages"}],"about":[{"href":"https:\/\/cspcervaes.pt\/index.php?rest_route=\/wp\/v2\/types\/page"}],"author":[{"embeddable":true,"href":"https:\/\/cspcervaes.pt\/index.php?rest_route=\/wp\/v2\/users\/1"}],"replies":[{"embeddable":true,"href":"https:\/\/cspcervaes.pt\/index.php?rest_route=%2Fwp%2Fv2%2Fcomments&post=269"}],"version-history":[{"count":3,"href":"https:\/\/cspcervaes.pt\/index.php?rest_route=\/wp\/v2\/pages\/269\/revisions"}],"predecessor-version":[{"id":284,"href":"https:\/\/cspcervaes.pt\/index.php?rest_route=\/wp\/v2\/pages\/269\/revisions\/284"}],"up":[{"embeddable":true,"href":"https:\/\/cspcervaes.pt\/index.php?rest_route=\/wp\/v2\/pages\/84"}],"wp:attachment":[{"href":"https:\/\/cspcervaes.pt\/index.php?rest_route=%2Fwp%2Fv2%2Fmedia&parent=269"}],"curies":[{"name":"wp","href":"https:\/\/api.w.org\/{rel}","templated":true}]}}