{"id":31,"date":"2016-10-24T16:54:42","date_gmt":"2016-10-24T16:54:42","guid":{"rendered":"http:\/\/cspcervaes.pt\/?page_id=31"},"modified":"2023-01-03T15:05:37","modified_gmt":"2023-01-03T15:05:37","slug":"contactos","status":"publish","type":"page","link":"https:\/\/cspcervaes.pt\/?page_id=31","title":{"rendered":"Contactos"},"content":{"rendered":"<div id=\"pl-31\"  class=\"panel-layout\" ><div id=\"pg-31-0\"  class=\"panel-grid panel-no-style\" ><div id=\"pgc-31-0-0\"  class=\"panel-grid-cell\" ><div id=\"panel-31-0-0-0\" class=\"so-panel widget widget_sow-image panel-first-child panel-last-child\" data-index=\"0\" ><div\n\t\t\t\n\t\t\tclass=\"so-widget-sow-image so-widget-sow-image-default-8b5b6f678277-31\"\n\t\t\t\n\t\t>\n<div class=\"sow-image-container\">\n\t\t<img \n\tsrc=\"https:\/\/cspcervaes.pt\/wp-content\/uploads\/2016\/10\/contactos.png\" width=\"500\" height=\"500\" srcset=\"https:\/\/cspcervaes.pt\/wp-content\/uploads\/2016\/10\/contactos.png 500w, https:\/\/cspcervaes.pt\/wp-content\/uploads\/2016\/10\/contactos-150x150.png 150w, https:\/\/cspcervaes.pt\/wp-content\/uploads\/2016\/10\/contactos-300x300.png 300w, https:\/\/cspcervaes.pt\/wp-content\/uploads\/2016\/10\/contactos-144x144.png 144w\" sizes=\"(max-width: 500px) 100vw, 500px\" title=\"Contactos\" alt=\"Contactos\" \t\tclass=\"so-widget-image\"\/>\n\t<\/div>\n\n<\/div><\/div><\/div><div id=\"pgc-31-0-1\"  class=\"panel-grid-cell\" ><div id=\"panel-31-0-1-0\" class=\"so-panel widget widget_text panel-first-child\" data-index=\"1\" >\t\t\t<div class=\"textwidget\"><div>Morada: \nPraceta do Cruzeiro n\u00ba4, 4730-100 Cerv\u00e3es, Vila Verde\nTelefone: 253925010 - Chamada para a rede fixa nacional\nE-mail: geral@cspcervaes.pt\nFax: 253925011<\/div>\n<div><\/div>\n<div><strong>Creche<\/strong>\nTelem\u00f3vel: 969535013 - Chamada para a rede m\u00f3vel nacional\nE-mail: creche@cspcervaes.pt<\/div>\n<div><\/div>\n<div><strong>CATL<\/strong>\nTelem\u00f3vel: 918583381 - Chamada para a rede m\u00f3vel nacional\nE-mail: catl@cspcervaes.pt<\/div>\n<div><\/div>\n<div><strong>SAD\/Diretora t\u00e9cnica<\/strong>\nTelem\u00f3vel: 924099624 - Chamada para a rede m\u00f3vel nacional\nE-mail: helenacunha@cspcervaes.pt<\/div>\n \n<\/div>\n\t\t<\/div><div id=\"panel-31-0-1-1\" class=\"so-panel widget widget_sow-google-map panel-last-child\" data-index=\"2\" ><div\n\t\t\t\n\t\t\tclass=\"so-widget-sow-google-map so-widget-sow-google-map-default-a36d1f945f5e-31\"\n\t\t\t\n\t\t>\n<div class=\"sow-google-map-canvas\"\n\tstyle=\"\"\n\tid=\"map-canvas-7ffd985ebe7f9fda32eadcb480ee24ec\"\n\tdata-options=\"{&quot;address&quot;:&quot;Praceta do Cruzeiro, 4730-105 Cerv\\u00e3es, Vila Verde&quot;,&quot;zoom&quot;:15,&quot;mobileZoom&quot;:15,&quot;gestureHandling&quot;:&quot;greedy&quot;,&quot;disableUi&quot;:false,&quot;markerIcon&quot;:false,&quot;markersDraggable&quot;:false,&quot;markerAtCenter&quot;:true,&quot;markerInfoDisplay&quot;:&quot;click&quot;,&quot;markerInfoMultiple&quot;:true,&quot;markerPositions&quot;:false,&quot;mapName&quot;:false,&quot;mapStyles&quot;:false,&quot;directions&quot;:&quot;&quot;,&quot;apiKey&quot;:&quot;AIzaSyBQnspWnZEm8v7MgV8sVsAhJzTFzKsFxg0&quot;,&quot;breakpoint&quot;:780,&quot;id&quot;:&quot;69f0c5&quot;}\"\n\tdata-fallback-image=\"{&quot;img&quot;:&quot;&quot;}\"><\/div>\n<\/div><\/div><\/div><\/div><\/div>","protected":false},"excerpt":{"rendered":"<p>Morada: Praceta do Cruzeiro n\u00ba4, 4730-100 Cerv\u00e3es, Vila Verde Telefone: 253925010 &#8211; Chamada para a rede fixa nacional E-mail: geral@cspcervaes.pt Fax: 253925011 Creche Telem\u00f3vel: 969535013 &#8211; Chamada para a rede m\u00f3vel nacional E-mail: creche@cspcervaes.pt CATL Telem\u00f3vel: 918583381 &#8211; Chamada para a rede m\u00f3vel nacional E-mail: catl@cspcervaes.pt SAD\/Diretora t\u00e9cnica Telem\u00f3vel: 924099624 &#8211; Chamada para a rede [&hellip;]<\/p>\n","protected":false},"author":1,"featured_media":0,"parent":0,"menu_order":0,"comment_status":"closed","ping_status":"closed","template":"template-fullwidth.php","meta":{"footnotes":""},"_links":{"self":[{"href":"https:\/\/cspcervaes.pt\/index.php?rest_route=\/wp\/v2\/pages\/31"}],"collection":[{"href":"https:\/\/cspcervaes.pt\/index.php?rest_route=\/wp\/v2\/pages"}],"about":[{"href":"https:\/\/cspcervaes.pt\/index.php?rest_route=\/wp\/v2\/types\/page"}],"author":[{"embeddable":true,"href":"https:\/\/cspcervaes.pt\/index.php?rest_route=\/wp\/v2\/users\/1"}],"replies":[{"embeddable":true,"href":"https:\/\/cspcervaes.pt\/index.php?rest_route=%2Fwp%2Fv2%2Fcomments&post=31"}],"version-history":[{"count":11,"href":"https:\/\/cspcervaes.pt\/index.php?rest_route=\/wp\/v2\/pages\/31\/revisions"}],"predecessor-version":[{"id":289,"href":"https:\/\/cspcervaes.pt\/index.php?rest_route=\/wp\/v2\/pages\/31\/revisions\/289"}],"wp:attachment":[{"href":"https:\/\/cspcervaes.pt\/index.php?rest_route=%2Fwp%2Fv2%2Fmedia&parent=31"}],"curies":[{"name":"wp","href":"https:\/\/api.w.org\/{rel}","templated":true}]}}