{"id":327,"date":"2026-02-10T10:33:33","date_gmt":"2026-02-10T10:33:33","guid":{"rendered":"https:\/\/cspcervaes.pt\/?page_id=327"},"modified":"2026-02-10T10:41:07","modified_gmt":"2026-02-10T10:41:07","slug":"relatorios-de-contas-2023","status":"publish","type":"page","link":"https:\/\/cspcervaes.pt\/?page_id=327","title":{"rendered":"Relat\u00f3rios de Contas 2023"},"content":{"rendered":"\n<div data-wp-interactive=\"\" class=\"wp-block-file\"><object data-wp-bind--hidden=\"!selectors.core.file.hasPdfPreview\" hidden class=\"wp-block-file__embed\" data=\"https:\/\/cspcervaes.pt\/wp-content\/uploads\/2026\/02\/recibo-completo-1.pdf\" type=\"application\/pdf\" style=\"width:100%;height:600px\" aria-label=\"Incorpora\u00e7\u00e3o de R2023<br&gt;.\"><\/object><a id=\"wp-block-file--media-b0ae65a8-316c-47c4-8e44-141e74f8457d\" href=\"https:\/\/cspcervaes.pt\/wp-content\/uploads\/2026\/02\/recibo-completo-1.pdf\">R2023<br><\/a><a href=\"https:\/\/cspcervaes.pt\/wp-content\/uploads\/2026\/02\/recibo-completo-1.pdf\" class=\"wp-block-file__button wp-element-button\" download aria-describedby=\"wp-block-file--media-b0ae65a8-316c-47c4-8e44-141e74f8457d\">Descarregar<\/a><\/div>\n\n\n\n<p>Acima encontra os ficheiros PDF do relat\u00f3rio de contas do ano de 2023 desta institui\u00e7\u00e3o.<\/p>\n\n\n\n<p>Ao clicar nos links o ficheiro \u00e9 automaticamente descarregado, caso pretenda entrar em contacto com o centro use o nosso e-mail:&nbsp;<strong><em>direcao@cspcervaes.pt<\/em><\/strong><\/p>\n","protected":false},"excerpt":{"rendered":"<p>Acima encontra os ficheiros PDF do relat\u00f3rio de contas do ano de 2023 desta institui\u00e7\u00e3o. Ao clicar nos links o ficheiro \u00e9 automaticamente descarregado, caso pretenda entrar em contacto com o centro use o nosso e-mail:&nbsp;direcao@cspcervaes.pt<\/p>\n","protected":false},"author":1,"featured_media":0,"parent":84,"menu_order":0,"comment_status":"closed","ping_status":"closed","template":"","meta":{"footnotes":""},"_links":{"self":[{"href":"https:\/\/cspcervaes.pt\/index.php?rest_route=\/wp\/v2\/pages\/327"}],"collection":[{"href":"https:\/\/cspcervaes.pt\/index.php?rest_route=\/wp\/v2\/pages"}],"about":[{"href":"https:\/\/cspcervaes.pt\/index.php?rest_route=\/wp\/v2\/types\/page"}],"author":[{"embeddable":true,"href":"https:\/\/cspcervaes.pt\/index.php?rest_route=\/wp\/v2\/users\/1"}],"replies":[{"embeddable":true,"href":"https:\/\/cspcervaes.pt\/index.php?rest_route=%2Fwp%2Fv2%2Fcomments&post=327"}],"version-history":[{"count":2,"href":"https:\/\/cspcervaes.pt\/index.php?rest_route=\/wp\/v2\/pages\/327\/revisions"}],"predecessor-version":[{"id":338,"href":"https:\/\/cspcervaes.pt\/index.php?rest_route=\/wp\/v2\/pages\/327\/revisions\/338"}],"up":[{"embeddable":true,"href":"https:\/\/cspcervaes.pt\/index.php?rest_route=\/wp\/v2\/pages\/84"}],"wp:attachment":[{"href":"https:\/\/cspcervaes.pt\/index.php?rest_route=%2Fwp%2Fv2%2Fmedia&parent=327"}],"curies":[{"name":"wp","href":"https:\/\/api.w.org\/{rel}","templated":true}]}}