{"id":74,"date":"2016-12-14T16:35:52","date_gmt":"2016-12-14T16:35:52","guid":{"rendered":"http:\/\/cspcervaes.pt\/?page_id=74"},"modified":"2016-12-14T16:38:12","modified_gmt":"2016-12-14T16:38:12","slug":"cspc","status":"publish","type":"page","link":"https:\/\/cspcervaes.pt\/?page_id=74","title":{"rendered":"CSPC"},"content":{"rendered":"<p>O Centro Social Paroquial de Cerv\u00e3es \u00e9 uma Institui\u00e7\u00e3o Particular de Solidariedade Social, que exerce a sua atividade nas instala\u00e7\u00f5es da par\u00f3quia de Cerv\u00e3es, situada na Praceta do Cruzeiro, desta freguesia de Cerv\u00e3es, concelho de Vila Verde.<br \/>\nO Centro Social Paroquial de Cerv\u00e3es abriu as suas portas em 1996 para fazer face aos v\u00e1rios e multifacetados problemas da freguesia. Come\u00e7ou por apoiar os jovens na ocupa\u00e7\u00e3o dos seus tempos livres (CATL) e conta atualmente com as val\u00eancias de Servi\u00e7o de Apoio ao Domicilio e Creche. Atrav\u00e9s destas val\u00eancias distintas, procura dar resposta \u00e0 problem\u00e1tica s\u00f3cio-cultural das comunidades, contribuindo para a promo\u00e7\u00e3o integral de todos os seus utentes.<br \/>\nO Centro Social Paroquial de Cerv\u00e3es, nasceu na resid\u00eancia paroquial no ano de 1996, mas s\u00f3 em 1998 teve as suas instala\u00e7\u00f5es pr\u00f3prias (embora cedidas) no sal\u00e3o paroquial da freguesia. Sofreu obras de requalifica\u00e7\u00e3o dos espa\u00e7os no ano 2012, funcionando, neste momento, no r\u00e9s do ch\u00e3o do sal\u00e3o paroquial as val\u00eancias CATL e SAD. A institui\u00e7\u00e3o encontra-se equipada com uma cozinha, lavandaria, duas salas de atividades de CATL, refeit\u00f3rio, sala de atendimento aos pais, sala de reuni\u00f5es e sala de dire\u00e7\u00e3o t\u00e9cnica.<br \/>\nA val\u00eancia creche funciona em instala\u00e7\u00f5es independentes, sendo composta por um refeit\u00f3rio, duas salas, um ber\u00e7\u00e1rio, duas casas de banho equipadas com mesas de mudas, uma enfermaria, uma sala de atendimento e um espa\u00e7o de acolhimento.<br \/>\nO Centro Social Paroquial de Cerv\u00e3es disp\u00f5e ainda de 4 viaturas, sendo que duas delas s\u00e3o de 9 lugares.<\/p>\n","protected":false},"excerpt":{"rendered":"<p>O Centro Social Paroquial de Cerv\u00e3es \u00e9 uma Institui\u00e7\u00e3o Particular de Solidariedade Social, que exerce a sua atividade nas instala\u00e7\u00f5es da par\u00f3quia de Cerv\u00e3es, situada na Praceta do Cruzeiro, desta freguesia de Cerv\u00e3es, concelho de Vila Verde. O Centro Social Paroquial de Cerv\u00e3es abriu as suas portas em 1996 para fazer face aos v\u00e1rios e [&hellip;]<\/p>\n","protected":false},"author":1,"featured_media":0,"parent":0,"menu_order":0,"comment_status":"closed","ping_status":"closed","template":"","meta":{"footnotes":""},"_links":{"self":[{"href":"https:\/\/cspcervaes.pt\/index.php?rest_route=\/wp\/v2\/pages\/74"}],"collection":[{"href":"https:\/\/cspcervaes.pt\/index.php?rest_route=\/wp\/v2\/pages"}],"about":[{"href":"https:\/\/cspcervaes.pt\/index.php?rest_route=\/wp\/v2\/types\/page"}],"author":[{"embeddable":true,"href":"https:\/\/cspcervaes.pt\/index.php?rest_route=\/wp\/v2\/users\/1"}],"replies":[{"embeddable":true,"href":"https:\/\/cspcervaes.pt\/index.php?rest_route=%2Fwp%2Fv2%2Fcomments&post=74"}],"version-history":[{"count":3,"href":"https:\/\/cspcervaes.pt\/index.php?rest_route=\/wp\/v2\/pages\/74\/revisions"}],"predecessor-version":[{"id":77,"href":"https:\/\/cspcervaes.pt\/index.php?rest_route=\/wp\/v2\/pages\/74\/revisions\/77"}],"wp:attachment":[{"href":"https:\/\/cspcervaes.pt\/index.php?rest_route=%2Fwp%2Fv2%2Fmedia&parent=74"}],"curies":[{"name":"wp","href":"https:\/\/api.w.org\/{rel}","templated":true}]}}