{"id":80,"date":"2016-12-14T16:39:35","date_gmt":"2016-12-14T16:39:35","guid":{"rendered":"http:\/\/cspcervaes.pt\/?page_id=80"},"modified":"2023-03-09T11:32:42","modified_gmt":"2023-03-09T11:32:42","slug":"orgaos-sociais","status":"publish","type":"page","link":"https:\/\/cspcervaes.pt\/?page_id=80","title":{"rendered":"Org\u00e3os Sociais"},"content":{"rendered":"<p><span style=\"color: #ffcc00;\"><em><strong>Dire\u00e7\u00e3o<\/strong><\/em><\/span><br \/>\n<strong>Presidente: <\/strong>Pe. Jos\u00e9 Manuel da Silva Antunes Fernandes<br \/>\n<strong>Vice- Presidente:<\/strong> Jo\u00e3o Ant\u00f3nio Rebelo Lopes<br \/>\n<strong>1\u00ba Secret\u00e1rio:<\/strong> Alberto Oliveira e Sousa<br \/>\n<strong>2\u00ba Secret\u00e1rio:<\/strong> Hor\u00e1cio Oliveira Lopes Ferreira<br \/>\n<strong>Tesoureiro:<\/strong> Ant\u00f3nio Pires Martins<\/p>\n<p><span style=\"color: #ffcc00;\"><strong><em>Conselho Fiscal<\/em><\/strong><\/span><br \/>\n<strong>Presidente:<\/strong> Paulo Gomes da Rocha<br \/>\n<strong>Vogal:<\/strong> Amaro Graciano Sousa e Silva<br \/>\nVogal: Baltazar Gon\u00e7alves de Barros<\/p>\n<p><span style=\"color: #ffcc00;\"><em><strong>\u00d3rg\u00e3o de vigil\u00e2ncia<\/strong><\/em><\/span><br \/>\nD. Jorge Manuel Garcia Cordeiro<\/p>\n","protected":false},"excerpt":{"rendered":"<p>Dire\u00e7\u00e3o Presidente: Pe. Jos\u00e9 Manuel da Silva Antunes Fernandes Vice- Presidente: Jo\u00e3o Ant\u00f3nio Rebelo Lopes 1\u00ba Secret\u00e1rio: Alberto Oliveira e Sousa 2\u00ba Secret\u00e1rio: Hor\u00e1cio Oliveira Lopes Ferreira Tesoureiro: Ant\u00f3nio Pires Martins Conselho Fiscal Presidente: Paulo Gomes da Rocha Vogal: Amaro Graciano Sousa e Silva Vogal: Baltazar Gon\u00e7alves de Barros \u00d3rg\u00e3o de vigil\u00e2ncia D. Jorge Manuel [&hellip;]<\/p>\n","protected":false},"author":1,"featured_media":0,"parent":0,"menu_order":0,"comment_status":"closed","ping_status":"closed","template":"","meta":{"footnotes":""},"_links":{"self":[{"href":"https:\/\/cspcervaes.pt\/index.php?rest_route=\/wp\/v2\/pages\/80"}],"collection":[{"href":"https:\/\/cspcervaes.pt\/index.php?rest_route=\/wp\/v2\/pages"}],"about":[{"href":"https:\/\/cspcervaes.pt\/index.php?rest_route=\/wp\/v2\/types\/page"}],"author":[{"embeddable":true,"href":"https:\/\/cspcervaes.pt\/index.php?rest_route=\/wp\/v2\/users\/1"}],"replies":[{"embeddable":true,"href":"https:\/\/cspcervaes.pt\/index.php?rest_route=%2Fwp%2Fv2%2Fcomments&post=80"}],"version-history":[{"count":4,"href":"https:\/\/cspcervaes.pt\/index.php?rest_route=\/wp\/v2\/pages\/80\/revisions"}],"predecessor-version":[{"id":302,"href":"https:\/\/cspcervaes.pt\/index.php?rest_route=\/wp\/v2\/pages\/80\/revisions\/302"}],"wp:attachment":[{"href":"https:\/\/cspcervaes.pt\/index.php?rest_route=%2Fwp%2Fv2%2Fmedia&parent=80"}],"curies":[{"name":"wp","href":"https:\/\/api.w.org\/{rel}","templated":true}]}}