{"id":82,"date":"2016-12-14T16:40:30","date_gmt":"2016-12-14T16:40:30","guid":{"rendered":"http:\/\/cspcervaes.pt\/?page_id=82"},"modified":"2023-03-07T15:31:27","modified_gmt":"2023-03-07T15:31:27","slug":"missao-visao-e-valores","status":"publish","type":"page","link":"https:\/\/cspcervaes.pt\/?page_id=82","title":{"rendered":"Miss\u00e3o, Vis\u00e3o e Valores"},"content":{"rendered":"<p>Miss\u00e3o<br \/>\nO Centro Social Paroquial de Cerv\u00e3es tem como miss\u00e3o contribuir para a promo\u00e7\u00e3o de todos os seus paroquianos e comunidades vizinhas, prestando servi\u00e7os sociais a crian\u00e7as, idosos, fam\u00edlias e pessoas em situa\u00e7\u00e3o de vulnerabilidade (pobreza, exclus\u00e3o social, desemprego, doen\u00e7a, etc), oferecendo respostas \u00e0s realidades atuais, num esp\u00edrito de solidariedade humana, crist\u00e3 e social<\/p>\n<p>Vis\u00e3o<br \/>\nContinuar o trabalho desenvolvido no sentido da sustentabilidade e da transpar\u00eancia das a\u00e7\u00f5es, almejando dar resposta \u00e0s necessidades que v\u00e3o emergindo, atrav\u00e9s da cria\u00e7\u00e3o de novas val\u00eancias, procurando sempre ser uma institui\u00e7\u00e3o de refer\u00eancia no apoio social aos indiv\u00edduos e suas fam\u00edlias da comunidade.<\/p>\n<p>Valores<br \/>\n&#8211; solidariedade humana, crist\u00e3 e social;<br \/>\n&#8211; valoriza\u00e7\u00e3o da pessoa humana;<br \/>\n&#8211; humanismo;<br \/>\n&#8211; transpar\u00eancia;<br \/>\n&#8211; responsabilidade e corresponsabilidade.<\/p>\n","protected":false},"excerpt":{"rendered":"<p>Miss\u00e3o O Centro Social Paroquial de Cerv\u00e3es tem como miss\u00e3o contribuir para a promo\u00e7\u00e3o de todos os seus paroquianos e comunidades vizinhas, prestando servi\u00e7os sociais a crian\u00e7as, idosos, fam\u00edlias e pessoas em situa\u00e7\u00e3o de vulnerabilidade (pobreza, exclus\u00e3o social, desemprego, doen\u00e7a, etc), oferecendo respostas \u00e0s realidades atuais, num esp\u00edrito de solidariedade humana, crist\u00e3 e social Vis\u00e3o [&hellip;]<\/p>\n","protected":false},"author":1,"featured_media":0,"parent":0,"menu_order":0,"comment_status":"closed","ping_status":"closed","template":"","meta":{"footnotes":""},"_links":{"self":[{"href":"https:\/\/cspcervaes.pt\/index.php?rest_route=\/wp\/v2\/pages\/82"}],"collection":[{"href":"https:\/\/cspcervaes.pt\/index.php?rest_route=\/wp\/v2\/pages"}],"about":[{"href":"https:\/\/cspcervaes.pt\/index.php?rest_route=\/wp\/v2\/types\/page"}],"author":[{"embeddable":true,"href":"https:\/\/cspcervaes.pt\/index.php?rest_route=\/wp\/v2\/users\/1"}],"replies":[{"embeddable":true,"href":"https:\/\/cspcervaes.pt\/index.php?rest_route=%2Fwp%2Fv2%2Fcomments&post=82"}],"version-history":[{"count":2,"href":"https:\/\/cspcervaes.pt\/index.php?rest_route=\/wp\/v2\/pages\/82\/revisions"}],"predecessor-version":[{"id":145,"href":"https:\/\/cspcervaes.pt\/index.php?rest_route=\/wp\/v2\/pages\/82\/revisions\/145"}],"wp:attachment":[{"href":"https:\/\/cspcervaes.pt\/index.php?rest_route=%2Fwp%2Fv2%2Fmedia&parent=82"}],"curies":[{"name":"wp","href":"https:\/\/api.w.org\/{rel}","templated":true}]}}